{"id":10,"date":"2015-03-17T20:34:06","date_gmt":"2015-03-17T19:34:06","guid":{"rendered":"http:\/\/loberodsskf.se\/?page_id=10"},"modified":"2020-11-16T20:04:21","modified_gmt":"2020-11-16T19:04:21","slug":"50m","status":"publish","type":"page","link":"https:\/\/loberodsskf.se\/?page_id=10","title":{"rendered":"50m"},"content":{"rendered":"<div>\n<h3><span class=\"textheading2\"><a href=\"http:\/\/loberodsskf.se\/wp-content\/uploads\/2015\/03\/cropped-4b64ddc150-Utebanan.jpg\"><img loading=\"lazy\" decoding=\"async\" width=\"592\" height=\"197\" class=\"alignnone size-full wp-image-16\" src=\"http:\/\/loberodsskf.se\/wp-content\/uploads\/2015\/03\/cropped-4b64ddc150-Utebanan.jpg\" alt=\"cropped-4b64ddc150-Utebanan.jpg\" srcset=\"https:\/\/loberodsskf.se\/wp-content\/uploads\/2015\/03\/cropped-4b64ddc150-Utebanan.jpg 592w, https:\/\/loberodsskf.se\/wp-content\/uploads\/2015\/03\/cropped-4b64ddc150-Utebanan-300x100.jpg 300w\" sizes=\"(max-width: 592px) 100vw, 592px\" \/><\/a><\/span><\/h3>\n<h3><span class=\"textheading2\">Korth\u00e5llsskytte&nbsp; <\/span><span class=\"textheading2\">.22LR<\/span><\/h3>\n<\/div>\n<div>(april-&nbsp;sep) skjuter vi p\u00e5 v\u00e5r utomhusbana som ligger i v\u00e4stra delen av L\u00f6ber\u00f6d.<\/div>\n<div>Tiden \u00e4r 1800-2000 eller l\u00e4ngre n\u00e4r det \u00e4r bra v\u00e4der och mycket folk.<\/div>\n<div>\n<p>Vi skjuter p\u00e5 elektroniska tavlor fr\u00e5n Sius Ascor.<\/p>\n<\/div>\n\n\n<figure class=\"wp-block-image size-large\"><img loading=\"lazy\" decoding=\"async\" width=\"656\" height=\"419\" src=\"https:\/\/loberodsskf.se\/wp-content\/uploads\/2020\/11\/Karta_Utebanan.png\" alt=\"\" class=\"wp-image-241\" srcset=\"https:\/\/loberodsskf.se\/wp-content\/uploads\/2020\/11\/Karta_Utebanan.png 656w, https:\/\/loberodsskf.se\/wp-content\/uploads\/2020\/11\/Karta_Utebanan-300x192.png 300w\" sizes=\"(max-width: 656px) 100vw, 656px\" \/><\/figure>\n","protected":false},"excerpt":{"rendered":"<p>Korth\u00e5llsskytte&nbsp; .22LR (april-&nbsp;sep) skjuter vi p\u00e5 v\u00e5r utomhusbana som ligger i v\u00e4stra delen av L\u00f6ber\u00f6d. Tiden \u00e4r 1800-2000 eller&hellip;<\/p>\n","protected":false},"author":1,"featured_media":0,"parent":0,"menu_order":0,"comment_status":"closed","ping_status":"open","template":"","meta":{"footnotes":""},"_links":{"self":[{"href":"https:\/\/loberodsskf.se\/index.php?rest_route=\/wp\/v2\/pages\/10"}],"collection":[{"href":"https:\/\/loberodsskf.se\/index.php?rest_route=\/wp\/v2\/pages"}],"about":[{"href":"https:\/\/loberodsskf.se\/index.php?rest_route=\/wp\/v2\/types\/page"}],"author":[{"embeddable":true,"href":"https:\/\/loberodsskf.se\/index.php?rest_route=\/wp\/v2\/users\/1"}],"replies":[{"embeddable":true,"href":"https:\/\/loberodsskf.se\/index.php?rest_route=%2Fwp%2Fv2%2Fcomments&post=10"}],"version-history":[{"count":5,"href":"https:\/\/loberodsskf.se\/index.php?rest_route=\/wp\/v2\/pages\/10\/revisions"}],"predecessor-version":[{"id":242,"href":"https:\/\/loberodsskf.se\/index.php?rest_route=\/wp\/v2\/pages\/10\/revisions\/242"}],"wp:attachment":[{"href":"https:\/\/loberodsskf.se\/index.php?rest_route=%2Fwp%2Fv2%2Fmedia&parent=10"}],"curies":[{"name":"wp","href":"https:\/\/api.w.org\/{rel}","templated":true}]}}